{"id":1329,"date":"2021-12-14T15:50:38","date_gmt":"2021-12-14T14:50:38","guid":{"rendered":"https:\/\/lafabriquevegetale.fr\/?post_type=product&#038;p=1329"},"modified":"2021-12-14T15:50:38","modified_gmt":"2021-12-14T14:50:38","slug":"eau-florale-de-bleuet","status":"publish","type":"product","link":"https:\/\/lafabriquevegetale.fr\/?product=eau-florale-de-bleuet","title":{"rendered":"Eau florale de Bleuet"},"content":{"rendered":"<p>Eau de Bleuet (<em>Centaurea cyanus<\/em>) issu de la distillation par entrainement \u00e0 la vapeur. Hydrolat tr\u00e8s aromatique et issu d&rsquo;une distillation traditionnelle pour un volume de plantes\/m\u00eame volume de vapeur, il n&rsquo;y a pas de dilution et toutes les propri\u00e9t\u00e9s sont donc pr\u00e9serv\u00e9es. Compl\u00e8tement naturel et sans ajout, l&rsquo;hydrolat est microfiltr\u00e9 au laboratoire. L&rsquo;hydrolat est un produit tr\u00e8s fragile, il est donc important de le conserver \u00e0 l&rsquo;abri de la chaleur et de la lumi\u00e8re. A consommer dans les 6 mois apr\u00e8s ouverture si les qualit\u00e9s organoleptiques et l&rsquo;aspect sont pr\u00e9serv\u00e9s.<\/p>\n<p>Culture en agriculture biologique et agroforesterie, distillation effectu\u00e9e par Claire \u00e0 La Fabrique V\u00e9g\u00e9tale.<\/p>\n<p>Famille botanique (Ast\u00e9rac\u00e9es)<\/p>\n<p>Partie distill\u00e9e (parties a\u00e9riennes fleuries)<\/p>\n<p>Origine (France, Seine-et-Marne)<\/p>\n<p>Odeur : \u00a0notes fraiches, douces et fleuries<\/p>\n<p>Pour les usages traditionnels et th\u00e9rapeutiques nous vous conseillons les ouvrages suivants : \u00ab\u00a0Eaux florales et hydrolats\u00a0\u00bb (Claire Mont\u00e9sinos); \u00ab\u00a0Hydrolats et eaux florales\u00a0\u00bb (Xavier Fernandez, Carole Andr\u00e9, Alexandre Casale); \u00ab\u00a0Trait\u00e9 d&rsquo;aromath\u00e9rapie scientifique et m\u00e9dicale, Les Hydrolats \u00ab\u00a0( Michel Faucon).<\/p>\n","protected":false},"excerpt":{"rendered":"<p>Hydrolat tr\u00e8s aromatique et issu d&rsquo;une distillation traditionnelle pour un volume de plantes\/m\u00eame volume de vapeur, il n&rsquo;y a pas de dilution ni d&rsquo;ajout de conservateurs. Toutes les propri\u00e9t\u00e9s pures et naturelles sont donc pr\u00e9serv\u00e9es.<\/p>\n<p>Formats disponibles : 125 ml et 550 ml<\/p>\n<p>L&rsquo;un des pigments su Bleuet, la protocyanine, est utilis\u00e9 en cosm\u00e9tique, pharmacie mais aussi pour les peintures ou en imprimerie. Le bleuet fait partie de la pharmacop\u00e9e traditionnelle. Ses principales mol\u00e9cules actives sont la m\u00e9thylhept\u00e9none, l&rsquo;alpha-terpin\u00e9ol, l&rsquo;eug\u00e9nol et l&rsquo;ac\u00e9toph\u00e9none.<\/p>\n<p>Des \u00e9tudes scientifiques avanc\u00e9es et rigoureuses ont \u00e9t\u00e9 r\u00e9alis\u00e9es par l&rsquo;Or\u00e9al, notamment sur l&rsquo;oeil, les paupi\u00e8res et les zones p\u00e9ri-oculaires.<\/p>\n","protected":false},"featured_media":1327,"comment_status":"open","ping_status":"closed","template":"","meta":[],"product_brand":[],"product_cat":[19],"product_tag":[],"class_list":{"0":"post-1329","1":"product","2":"type-product","3":"status-publish","4":"has-post-thumbnail","6":"product_cat-non-classe","8":"first","9":"instock","10":"taxable","11":"shipping-taxable","12":"purchasable","13":"product-type-simple"},"exclude_global_add_ons":[],"addons":[],"jetpack_sharing_enabled":true,"_links":{"self":[{"href":"https:\/\/lafabriquevegetale.fr\/index.php?rest_route=\/wp\/v2\/product\/1329","targetHints":{"allow":["GET"]}}],"collection":[{"href":"https:\/\/lafabriquevegetale.fr\/index.php?rest_route=\/wp\/v2\/product"}],"about":[{"href":"https:\/\/lafabriquevegetale.fr\/index.php?rest_route=\/wp\/v2\/types\/product"}],"replies":[{"embeddable":true,"href":"https:\/\/lafabriquevegetale.fr\/index.php?rest_route=%2Fwp%2Fv2%2Fcomments&post=1329"}],"wp:featuredmedia":[{"embeddable":true,"href":"https:\/\/lafabriquevegetale.fr\/index.php?rest_route=\/wp\/v2\/media\/1327"}],"wp:attachment":[{"href":"https:\/\/lafabriquevegetale.fr\/index.php?rest_route=%2Fwp%2Fv2%2Fmedia&parent=1329"}],"wp:term":[{"taxonomy":"product_brand","embeddable":true,"href":"https:\/\/lafabriquevegetale.fr\/index.php?rest_route=%2Fwp%2Fv2%2Fproduct_brand&post=1329"},{"taxonomy":"product_cat","embeddable":true,"href":"https:\/\/lafabriquevegetale.fr\/index.php?rest_route=%2Fwp%2Fv2%2Fproduct_cat&post=1329"},{"taxonomy":"product_tag","embeddable":true,"href":"https:\/\/lafabriquevegetale.fr\/index.php?rest_route=%2Fwp%2Fv2%2Fproduct_tag&post=1329"}],"curies":[{"name":"wp","href":"https:\/\/api.w.org\/{rel}","templated":true}]}}