{"id":1320,"date":"2021-12-14T14:01:10","date_gmt":"2021-12-14T13:01:10","guid":{"rendered":"https:\/\/lafabriquevegetale.fr\/?post_type=product&#038;p=1320"},"modified":"2025-05-21T15:17:36","modified_gmt":"2025-05-21T13:17:36","slug":"eau-dhelichryse-italienne-hydrolat","status":"publish","type":"product","link":"https:\/\/lafabriquevegetale.fr\/?product=eau-dhelichryse-italienne-hydrolat","title":{"rendered":"Eau d&rsquo;H\u00e9lichryse italienne (Hydrolat)"},"content":{"rendered":"<p>Hydrolat d&rsquo;H\u00e9lichryse italienne (<em>Helichrysum italicum var. italicum<\/em>) issu de la distillation par entrainement \u00e0 la vapeur. Hydrolat tr\u00e8s aromatique et issu d&rsquo;une distillation traditionnelle pour un volume de plantes\/m\u00eame volume de vapeur, il n&rsquo;y a pas de dilution et toutes les propri\u00e9t\u00e9s sont donc pr\u00e9serv\u00e9es. Compl\u00e8tement naturel et sans ajout, l&rsquo;hydrolat est microfiltr\u00e9 au laboratoire. L&rsquo;hydrolat est un produit tr\u00e8s fragile, il est donc important de le conserver \u00e0 l&rsquo;abri de la chaleur et de la lumi\u00e8re. A consommer dans les 6 mois apr\u00e8s ouverture si les qualit\u00e9s organoleptiques et l&rsquo;aspect sont pr\u00e9serv\u00e9s.<\/p>\n<p>Culture en agriculture biologique et distillation effectu\u00e9e par Claire \u00e0 La Fabrique V\u00e9g\u00e9tale.<\/p>\n<p>Famille botanique (Ast\u00e9rac\u00e9es)<\/p>\n<p>Partie distill\u00e9e (sommit\u00e9s fleuries)<\/p>\n<p>Origine (France, Seine-et-Marne)<\/p>\n<p>Odeur : chaude, notes \u00e9pic\u00e9es de curry, tr\u00e8s solaire<\/p>\n<p>Pour les usages traditionnels et th\u00e9rapeutiques nous vous conseillons les ouvrages suivants : \u00ab\u00a0Eaux florales et hydrolats\u00a0\u00bb (Claire Mont\u00e9sinos); \u00ab\u00a0Hydrolats et eaux florales\u00a0\u00bb (Xavier Fernandez, Carole Andr\u00e9, Alexandre Casale); \u00ab\u00a0Trait\u00e9 d&rsquo;aromath\u00e9rapie scientifique et m\u00e9dicale, Les Hydrolats \u00ab\u00a0( Michel Faucon).<\/p>\n","protected":false},"excerpt":{"rendered":"<p>Hydrolat tr\u00e8s aromatique et issu d&rsquo;une distillation traditionnelle pour un volume de plantes\/m\u00eame volume de vapeur, il n&rsquo;y a pas de dilution ni d&rsquo;ajout de conservateur. Toutes les propri\u00e9t\u00e9s pures et naturelles sont donc pr\u00e9serv\u00e9es.<\/p>\n<p>Formats disponibles : 125 ml et 550 ml<\/p>\n<p>\u00ab\u00a0Les &lsquo;immortelles\u00a0\u00bb s\u00e8chent et conservent tr\u00e8s longtemps leur aspect, leur couleur et leur fragrance. C&rsquo;est sans doute pour cela qu&rsquo;en Occident cette plante symbolise \u00ab\u00a0la m\u00e9moire des morts\u00a0\u00bb. En Orient, en revanche, H\u00e9lichryse symbolise \u00ab\u00a0une vie longue et prosp\u00e8re\u00a0\u00bb. Notons \u00e0 ce titre qu&rsquo;elle fut utilis\u00e9e en bouquets en 1952 lors du couronnement de la reine d&rsquo;Angleterre Elisabeth II. Dans l&rsquo;<em>Odyss\u00e9e<\/em> d&rsquo;Hom\u00e8re, il est rapport\u00e9 que la princesse Nausicaa (qui sauve Ulysse) fit de l&rsquo;H\u00e9lichryse (dont elle se frottait quotidiennement le corps) un v\u00e9ritable \u00e9lixir de jeunesse! La fleur d&rsquo;H\u00e9lichryse accompagne toujours Apollon pour rappeler son immortalit\u00e9. <strong>(Descriptif de \u00ab\u00a0Ce que la plante \u00e9voque\u00a0\u00bb par <em>Michel Faucon)<\/em><\/strong><\/p>\n","protected":false},"featured_media":1248,"comment_status":"open","ping_status":"closed","template":"","meta":[],"product_brand":[],"product_cat":[19],"product_tag":[],"class_list":{"0":"post-1320","1":"product","2":"type-product","3":"status-publish","4":"has-post-thumbnail","6":"product_cat-non-classe","8":"first","9":"instock","10":"taxable","11":"shipping-taxable","12":"purchasable","13":"product-type-simple"},"exclude_global_add_ons":[],"addons":[],"jetpack_sharing_enabled":true,"_links":{"self":[{"href":"https:\/\/lafabriquevegetale.fr\/index.php?rest_route=\/wp\/v2\/product\/1320","targetHints":{"allow":["GET"]}}],"collection":[{"href":"https:\/\/lafabriquevegetale.fr\/index.php?rest_route=\/wp\/v2\/product"}],"about":[{"href":"https:\/\/lafabriquevegetale.fr\/index.php?rest_route=\/wp\/v2\/types\/product"}],"replies":[{"embeddable":true,"href":"https:\/\/lafabriquevegetale.fr\/index.php?rest_route=%2Fwp%2Fv2%2Fcomments&post=1320"}],"wp:featuredmedia":[{"embeddable":true,"href":"https:\/\/lafabriquevegetale.fr\/index.php?rest_route=\/wp\/v2\/media\/1248"}],"wp:attachment":[{"href":"https:\/\/lafabriquevegetale.fr\/index.php?rest_route=%2Fwp%2Fv2%2Fmedia&parent=1320"}],"wp:term":[{"taxonomy":"product_brand","embeddable":true,"href":"https:\/\/lafabriquevegetale.fr\/index.php?rest_route=%2Fwp%2Fv2%2Fproduct_brand&post=1320"},{"taxonomy":"product_cat","embeddable":true,"href":"https:\/\/lafabriquevegetale.fr\/index.php?rest_route=%2Fwp%2Fv2%2Fproduct_cat&post=1320"},{"taxonomy":"product_tag","embeddable":true,"href":"https:\/\/lafabriquevegetale.fr\/index.php?rest_route=%2Fwp%2Fv2%2Fproduct_tag&post=1320"}],"curies":[{"name":"wp","href":"https:\/\/api.w.org\/{rel}","templated":true}]}}