{"id":1318,"date":"2021-12-14T12:43:39","date_gmt":"2021-12-14T11:43:39","guid":{"rendered":"https:\/\/lafabriquevegetale.fr\/?post_type=product&#038;p=1318"},"modified":"2025-05-21T15:17:36","modified_gmt":"2025-05-21T13:17:36","slug":"eau-de-camomille-romaine-hydrolat","status":"publish","type":"product","link":"https:\/\/lafabriquevegetale.fr\/?product=eau-de-camomille-romaine-hydrolat","title":{"rendered":"Eau de camomille romaine (Hydrolat)"},"content":{"rendered":"<p>Hydrolat de Camomille romaine (<em>Chamaemelum nobile L.<\/em>) issu de la distillation par entrainement \u00e0 la vapeur. Hydrolat tr\u00e8s aromatique et issu d&rsquo;une distillation traditionnelle pour un volume de plantes\/m\u00eame volume de vapeur, il n&rsquo;y a pas de dilution et toutes les propri\u00e9t\u00e9s sont donc pr\u00e9serv\u00e9es. Compl\u00e8tement naturel et sans ajout, l&rsquo;hydrolat est microfiltr\u00e9 au laboratoire. L&rsquo;hydrolat est un produit tr\u00e8s fragile, il est donc important de le conserver \u00e0 l&rsquo;abri de la chaleur et de la lumi\u00e8re. A consommer dans les 6 mois apr\u00e8s ouverture si les qualit\u00e9s organoleptiques et l&rsquo;aspect sont pr\u00e9serv\u00e9s.<\/p>\n<p>Culture en agriculture biologique et distillation effectu\u00e9e par Claire \u00e0 La Fabrique V\u00e9g\u00e9tale.<\/p>\n<p>Partie distill\u00e9e (sommit\u00e9s fleuries)<\/p>\n<p>Origine (France, Seine-et-Marne)<\/p>\n<p>Odeur : miell\u00e9e, fruit\u00e9e, rappelant la senteur de la pomme<\/p>\n<p>Pour les usages traditionnels et th\u00e9rapeutiques nous vous conseillons les ouvrages suivants : \u00ab\u00a0Eaux florales et hydrolats\u00a0\u00bb (Claire Mont\u00e9sinos); \u00ab\u00a0Hydrolats et eaux florales\u00a0\u00bb (Xavier Fernandez, Carole Andr\u00e9, Alexandre Casale); \u00ab\u00a0Trait\u00e9 d&rsquo;aromath\u00e9rapie scientifique et m\u00e9dicale, Les Hydrolats \u00ab\u00a0( Michel Faucon).<\/p>\n","protected":false},"excerpt":{"rendered":"<p>Hydrolat tr\u00e8s aromatique et issu d&rsquo;une distillation traditionnelle pour un volume de plantes\/m\u00eame volume de vapeur, il n&rsquo;y a pas de dilution, aucun ajout de conservateur, et toutes les propri\u00e9t\u00e9s sont donc pr\u00e9serv\u00e9es<\/p>\n<p>Disponible en 2 formats : 125 ml et 550 ml<\/p>\n<p>\u00a0\u00bb <em>La Camomille est consolatrice, telle l'\u00a0\u00bb\u00e9treinte douce et aimante d&rsquo;une grand-m\u00e8re\u00a0\u00bb. Elle nous offre son climat d\u00e9licat et son \u00ab\u00a0parfum d&rsquo;enfance\u00a0\u00bb. Camomille \u00e9voque la patience dans l&rsquo;adversit\u00e9, \u00ab\u00a0la sensibilit\u00e9 exacerb\u00e9e\u00a0\u00bb, la douceur \u00e9th\u00e9r\u00e9e, la chaleur. Elle renvoie \u00e0 une certaine forme de finesse et d&rsquo;\u00e9l\u00e9vation sensible\u00a0\u00bb<\/em> (Description de l&rsquo;hydrolat aromatique de Camomille romaine selon <strong><em>Michel Faucon<\/em><\/strong>)<\/p>\n","protected":false},"featured_media":1250,"comment_status":"open","ping_status":"closed","template":"","meta":[],"product_brand":[],"product_cat":[19],"product_tag":[],"class_list":{"0":"post-1318","1":"product","2":"type-product","3":"status-publish","4":"has-post-thumbnail","6":"product_cat-non-classe","8":"first","9":"instock","10":"taxable","11":"shipping-taxable","12":"purchasable","13":"product-type-simple"},"exclude_global_add_ons":[],"addons":[],"jetpack_sharing_enabled":true,"_links":{"self":[{"href":"https:\/\/lafabriquevegetale.fr\/index.php?rest_route=\/wp\/v2\/product\/1318","targetHints":{"allow":["GET"]}}],"collection":[{"href":"https:\/\/lafabriquevegetale.fr\/index.php?rest_route=\/wp\/v2\/product"}],"about":[{"href":"https:\/\/lafabriquevegetale.fr\/index.php?rest_route=\/wp\/v2\/types\/product"}],"replies":[{"embeddable":true,"href":"https:\/\/lafabriquevegetale.fr\/index.php?rest_route=%2Fwp%2Fv2%2Fcomments&post=1318"}],"wp:featuredmedia":[{"embeddable":true,"href":"https:\/\/lafabriquevegetale.fr\/index.php?rest_route=\/wp\/v2\/media\/1250"}],"wp:attachment":[{"href":"https:\/\/lafabriquevegetale.fr\/index.php?rest_route=%2Fwp%2Fv2%2Fmedia&parent=1318"}],"wp:term":[{"taxonomy":"product_brand","embeddable":true,"href":"https:\/\/lafabriquevegetale.fr\/index.php?rest_route=%2Fwp%2Fv2%2Fproduct_brand&post=1318"},{"taxonomy":"product_cat","embeddable":true,"href":"https:\/\/lafabriquevegetale.fr\/index.php?rest_route=%2Fwp%2Fv2%2Fproduct_cat&post=1318"},{"taxonomy":"product_tag","embeddable":true,"href":"https:\/\/lafabriquevegetale.fr\/index.php?rest_route=%2Fwp%2Fv2%2Fproduct_tag&post=1318"}],"curies":[{"name":"wp","href":"https:\/\/api.w.org\/{rel}","templated":true}]}}