{"id":1303,"date":"2021-12-14T10:27:50","date_gmt":"2021-12-14T09:27:50","guid":{"rendered":"https:\/\/lafabriquevegetale.fr\/?post_type=product&#038;p=1303"},"modified":"2021-12-14T11:38:49","modified_gmt":"2021-12-14T10:38:49","slug":"huile-essentielle-de-thym-a-thujanol-thymus-vulgaris-thujanoliferum","status":"publish","type":"product","link":"https:\/\/lafabriquevegetale.fr\/?product=huile-essentielle-de-thym-a-thujanol-thymus-vulgaris-thujanoliferum","title":{"rendered":"Huile essentielle de Thym \u00e0 Thujanol (Thymus vulgaris thujanoliferum)"},"content":{"rendered":"<p>Famille ( Lamiac\u00e9es)<\/p>\n<p>Distillation par entrainement \u00e0 la vapeur<\/p>\n<p>Partie distill\u00e9e : sommit\u00e9s fleuries<\/p>\n<p>Origine : France (Seine-et-Marne)<\/p>\n<p><strong>Huile essentielle issue d&rsquo;une culture conduite en agriculture biologique<\/strong>.<\/p>\n<p><strong>Usages traditionnels<\/strong> : pour les adultes, diluer dans un substrat neutre \u00a02 gouttes 3 fois par jour (pendant 7 jours). Pour les enfants \u00e0 partir de 6 ans, diluer une goutte 2 fois par jour (pendant 7 jours).<\/p>\n<p><strong><em>Ne pas utiliser chez la femme enceinte, et les enfants de moins de 6 ans par voie orale.<\/em><\/strong><\/p>\n<p><strong>Pour les usages th\u00e9rapeutiques des huiles essentielles<\/strong> nous vous conseillons les r\u00e9f\u00e9rences suivantes : \u00ab\u00a0Le guide Terre vivante des huiles essentielles\u00a0\u00bb (Dr Fran\u00e7oise Couic Marinier; Dr Anthony Touboul); \u00ab\u00a0Le guide illustr\u00e9 FESTY des huiles essentielles\u00a0\u00bb (Dani\u00e8le Festy); \u00ab\u00a0Trait\u00e9 d&rsquo;aromath\u00e9rapie scientifique et m\u00e9dicale, Les huiles essentielles (Michel Faucon).<\/p>\n","protected":false},"excerpt":{"rendered":"<p>Famille ( Lamiac\u00e9es)<\/p>\n<p>Distillation par entrainement \u00e0 la vapeur<\/p>\n<p>Partie distill\u00e9e : sommit\u00e9s fleuries<\/p>\n<p>Origine : France (Seine-et-Marne)<\/p>\n","protected":false},"featured_media":1304,"comment_status":"open","ping_status":"closed","template":"","meta":[],"product_brand":[],"product_cat":[19],"product_tag":[],"class_list":{"0":"post-1303","1":"product","2":"type-product","3":"status-publish","4":"has-post-thumbnail","6":"product_cat-non-classe","8":"first","9":"instock","10":"taxable","11":"shipping-taxable","12":"purchasable","13":"product-type-simple"},"exclude_global_add_ons":[],"addons":[],"jetpack_sharing_enabled":true,"_links":{"self":[{"href":"https:\/\/lafabriquevegetale.fr\/index.php?rest_route=\/wp\/v2\/product\/1303","targetHints":{"allow":["GET"]}}],"collection":[{"href":"https:\/\/lafabriquevegetale.fr\/index.php?rest_route=\/wp\/v2\/product"}],"about":[{"href":"https:\/\/lafabriquevegetale.fr\/index.php?rest_route=\/wp\/v2\/types\/product"}],"replies":[{"embeddable":true,"href":"https:\/\/lafabriquevegetale.fr\/index.php?rest_route=%2Fwp%2Fv2%2Fcomments&post=1303"}],"wp:featuredmedia":[{"embeddable":true,"href":"https:\/\/lafabriquevegetale.fr\/index.php?rest_route=\/wp\/v2\/media\/1304"}],"wp:attachment":[{"href":"https:\/\/lafabriquevegetale.fr\/index.php?rest_route=%2Fwp%2Fv2%2Fmedia&parent=1303"}],"wp:term":[{"taxonomy":"product_brand","embeddable":true,"href":"https:\/\/lafabriquevegetale.fr\/index.php?rest_route=%2Fwp%2Fv2%2Fproduct_brand&post=1303"},{"taxonomy":"product_cat","embeddable":true,"href":"https:\/\/lafabriquevegetale.fr\/index.php?rest_route=%2Fwp%2Fv2%2Fproduct_cat&post=1303"},{"taxonomy":"product_tag","embeddable":true,"href":"https:\/\/lafabriquevegetale.fr\/index.php?rest_route=%2Fwp%2Fv2%2Fproduct_tag&post=1303"}],"curies":[{"name":"wp","href":"https:\/\/api.w.org\/{rel}","templated":true}]}}