{"id":1297,"date":"2021-12-13T17:19:17","date_gmt":"2021-12-13T16:19:17","guid":{"rendered":"https:\/\/lafabriquevegetale.fr\/?product=hoodie-with-logo"},"modified":"2025-10-10T11:52:30","modified_gmt":"2025-10-10T09:52:30","slug":"hoodie-with-logo","status":"publish","type":"product","link":"https:\/\/lafabriquevegetale.fr\/?product=hoodie-with-logo","title":{"rendered":"Huile essentielle de camomille romaine (Chamaemelum nobile)"},"content":{"rendered":"<p>Famille <em>(Ast\u00e9rac\u00e9es)<\/em><\/p>\n<p>Huile essentielle issue de pratiques agro\u00e9cologiques et biologiques. Vapodistillation des sommit\u00e9s fleuries.<\/p>\n<p>Production et distillation \u00e0 La Fabrique v\u00e9g\u00e9tale par Claire.<\/p>\n<p>Odeur : fruit\u00e9e, sucr\u00e9e, chaud<\/p>\n<p>Origine : France (Seine-et-Marne)<\/p>\n<p><em><strong>Usage traditionnel<\/strong><\/em> : Pour les adultes (voie orale), diluer 2 gouttes 3 fois par jour sur un substrat neutre, et pour les enfant d\u00e8s 6 ans, diluer 1 \u00e0 2 gouttes 2 fois par jour.<\/p>\n<p>Ne pas utiliser chez la femme enceinte et chez l&rsquo;enfant de moins de 6 ans.<\/p>\n<p><strong>Pour les usages th\u00e9rapeutiques des huiles essentielles nous vous conseillons les r\u00e9f\u00e9rences suivantes<\/strong> : \u00ab\u00a0Le petit guide Terre vivante des Huiles essentielles\u00a0\u00bb (Dr Fran\u00e7oise Couic Marinier; Dr Anthony Touboul); \u00ab\u00a0Le guide illustr\u00e9 FESTY des huiles essentielles\u00a0\u00bb (Dani\u00e8le Festy); \u00ab\u00a0Trait\u00e9 d&rsquo;Aromath\u00e9rapie scientifique et m\u00e9dicale, Les huiles essentielles (Michel Faucon).<\/p>\n<p><em>Pour la petite histoire : le nom camomille vient du grec Khamaim\u00ealon qui signifie \u00ab\u00a0pomme du sol\u00a0\u00bb en raison de l&rsquo;odeur de pomme qui se d\u00e9gage du sol lorsque l&rsquo;on marche dessus. Dans l&rsquo;Egypte ancienne, la camomille romaine symbolisait le soleil et \u00e9tait d\u00e9di\u00e9e au dieu R\u00e2. Les Egyptiens l&rsquo;utilisaient pour embaumer leurs morts. Ainsi Rams\u00e8s II, le pharaon, aurait \u00e9t\u00e9 embaum\u00e9 avec de l&rsquo;huile essentielle de camomille.<\/em><\/p>\n<p>&nbsp;<\/p>\n","protected":false},"excerpt":{"rendered":"<p><img loading=\"lazy\" decoding=\"async\" class=\"alignnone size-medium wp-image-1298\" src=\"https:\/\/lafabriquevegetale.fr\/wp-content\/uploads\/2021\/12\/1Z9A5830-240x300.jpg\" alt=\"\" width=\"240\" height=\"300\" srcset=\"https:\/\/i0.wp.com\/lafabriquevegetale.fr\/wp-content\/uploads\/2021\/12\/1Z9A5830.jpg?resize=240%2C300&amp;ssl=1 240w, https:\/\/i0.wp.com\/lafabriquevegetale.fr\/wp-content\/uploads\/2021\/12\/1Z9A5830.jpg?resize=819%2C1024&amp;ssl=1 819w, https:\/\/i0.wp.com\/lafabriquevegetale.fr\/wp-content\/uploads\/2021\/12\/1Z9A5830.jpg?resize=768%2C960&amp;ssl=1 768w, https:\/\/i0.wp.com\/lafabriquevegetale.fr\/wp-content\/uploads\/2021\/12\/1Z9A5830.jpg?resize=1228%2C1536&amp;ssl=1 1228w, https:\/\/i0.wp.com\/lafabriquevegetale.fr\/wp-content\/uploads\/2021\/12\/1Z9A5830.jpg?resize=600%2C750&amp;ssl=1 600w, https:\/\/i0.wp.com\/lafabriquevegetale.fr\/wp-content\/uploads\/2021\/12\/1Z9A5830.jpg?w=1366&amp;ssl=1 1366w\" sizes=\"auto, (max-width: 240px) 100vw, 240px\" \/><\/p>\n","protected":false},"featured_media":1298,"comment_status":"open","ping_status":"closed","template":"","meta":[],"product_brand":[],"product_cat":[19],"product_tag":[],"class_list":{"0":"post-1297","1":"product","2":"type-product","3":"status-publish","4":"has-post-thumbnail","6":"product_cat-non-classe","8":"first","9":"instock","10":"shipping-taxable","11":"purchasable","12":"product-type-simple"},"exclude_global_add_ons":[],"addons":[],"jetpack_sharing_enabled":true,"_links":{"self":[{"href":"https:\/\/lafabriquevegetale.fr\/index.php?rest_route=\/wp\/v2\/product\/1297","targetHints":{"allow":["GET"]}}],"collection":[{"href":"https:\/\/lafabriquevegetale.fr\/index.php?rest_route=\/wp\/v2\/product"}],"about":[{"href":"https:\/\/lafabriquevegetale.fr\/index.php?rest_route=\/wp\/v2\/types\/product"}],"replies":[{"embeddable":true,"href":"https:\/\/lafabriquevegetale.fr\/index.php?rest_route=%2Fwp%2Fv2%2Fcomments&post=1297"}],"wp:featuredmedia":[{"embeddable":true,"href":"https:\/\/lafabriquevegetale.fr\/index.php?rest_route=\/wp\/v2\/media\/1298"}],"wp:attachment":[{"href":"https:\/\/lafabriquevegetale.fr\/index.php?rest_route=%2Fwp%2Fv2%2Fmedia&parent=1297"}],"wp:term":[{"taxonomy":"product_brand","embeddable":true,"href":"https:\/\/lafabriquevegetale.fr\/index.php?rest_route=%2Fwp%2Fv2%2Fproduct_brand&post=1297"},{"taxonomy":"product_cat","embeddable":true,"href":"https:\/\/lafabriquevegetale.fr\/index.php?rest_route=%2Fwp%2Fv2%2Fproduct_cat&post=1297"},{"taxonomy":"product_tag","embeddable":true,"href":"https:\/\/lafabriquevegetale.fr\/index.php?rest_route=%2Fwp%2Fv2%2Fproduct_tag&post=1297"}],"curies":[{"name":"wp","href":"https:\/\/api.w.org\/{rel}","templated":true}]}}