{"id":188,"date":"2019-03-11T22:54:16","date_gmt":"2019-03-11T21:54:16","guid":{"rendered":"http:\/\/lafabriquevegetale.fr\/?page_id=188"},"modified":"2020-03-05T19:20:54","modified_gmt":"2020-03-05T18:20:54","slug":"lhuile-vegetale-en-cosmetique","status":"publish","type":"page","link":"https:\/\/lafabriquevegetale.fr\/?page_id=188","title":{"rendered":"Les huiles v\u00e9g\u00e9tales en cosm\u00e9tique"},"content":{"rendered":"<h5>L\u2019huile de colza en cosm\u00e9tique<\/h5>\n<p>L\u2019huile de colza ne compte pas parmi celles qu\u2019on utilise le plus en cosm\u00e9tique. Il n\u2019emp\u00eache qu\u2019elle m\u00e9rite tout de m\u00eame un petit d\u00e9tour\u00a0!<\/p>\n<p>Sa bonne teneur en vitamine E la rend particuli\u00e8rement efficace pour\u00a0<strong>entretenir l\u2019\u00e9lasticit\u00e9 de la peau<\/strong>. Elle peut \u00e9galement servir de tr\u00e8s bonne base pour r\u00e9aliser des mac\u00e9rats huileux.<\/p>\n<p>L\u2019huile de colza est \u00e9galement utilis\u00e9e comme huile de massage ou pour hydrater le corps.<\/p>\n<div id=\"attachment_304470\" class=\"wp-caption alignnone\">\n<h3>Recette bonne mine<\/h3>\n<p>Voici une recette de\u00a0<strong><a class=\"mrf-show\" href=\"https:\/\/www.consoglobe.com\/macerat-de-carotte-cg\">mac\u00e9r\u00e2t huileux de carotte<\/a>\u00a0avec de l\u2019huile de colza<\/strong>, qui vous permettra de garder bonne mine pendant les jours gris et pluvieux.<\/p>\n<ul>\n<li>R\u00e2per des carottes bio avec la peau.<\/li>\n<li>Laisser s\u00e9cher les carottes pour \u00e9viter tout risque de moisissure.<\/li>\n<li>Les disposer dans un bocal.<\/li>\n<li>Couvrir avec de l\u2019huile de colza et bien refermer.<\/li>\n<li>Laisser mac\u00e9rer 3 semaines \u00e0 l\u2019abri de la lumi\u00e8re en remuant de temps en temps.<\/li>\n<li>Filtrer.<\/li>\n<li>le mac\u00e9rat peut \u00eatre utilis\u00e9 durant 3 mois<\/li>\n<\/ul>\n<p>Il ne vous reste plus qu\u2019\u00e0 utiliser l\u2019\u00e9lixir sur le visage pour\u00a0<strong>profiter des bienfaits de la vitamine A\u00a0<\/strong>qui maintient et r\u00e9pare les tissus cutan\u00e9s, et ceux de la\u00a0<strong>vitamine E\u00a0<\/strong>qui a un effet rajeunissant.<\/p>\n<\/div>\n","protected":false},"excerpt":{"rendered":"<p>L\u2019huile de colza en cosm\u00e9tique L\u2019huile de colza ne compte pas parmi celles qu\u2019on utilise le plus en cosm\u00e9tique. Il n\u2019emp\u00eache qu\u2019elle m\u00e9rite tout de m\u00eame un petit d\u00e9tour\u00a0! Sa bonne teneur en vitamine E la rend particuli\u00e8rement efficace pour\u00a0entretenir<\/p>\n","protected":false},"author":2,"featured_media":0,"parent":85,"menu_order":4,"comment_status":"closed","ping_status":"closed","template":"","meta":{"footnotes":""},"class_list":["post-188","page","type-page","status-publish","hentry"],"jetpack_sharing_enabled":true,"_links":{"self":[{"href":"https:\/\/lafabriquevegetale.fr\/index.php?rest_route=\/wp\/v2\/pages\/188","targetHints":{"allow":["GET"]}}],"collection":[{"href":"https:\/\/lafabriquevegetale.fr\/index.php?rest_route=\/wp\/v2\/pages"}],"about":[{"href":"https:\/\/lafabriquevegetale.fr\/index.php?rest_route=\/wp\/v2\/types\/page"}],"author":[{"embeddable":true,"href":"https:\/\/lafabriquevegetale.fr\/index.php?rest_route=\/wp\/v2\/users\/2"}],"replies":[{"embeddable":true,"href":"https:\/\/lafabriquevegetale.fr\/index.php?rest_route=%2Fwp%2Fv2%2Fcomments&post=188"}],"version-history":[{"count":5,"href":"https:\/\/lafabriquevegetale.fr\/index.php?rest_route=\/wp\/v2\/pages\/188\/revisions"}],"predecessor-version":[{"id":911,"href":"https:\/\/lafabriquevegetale.fr\/index.php?rest_route=\/wp\/v2\/pages\/188\/revisions\/911"}],"up":[{"embeddable":true,"href":"https:\/\/lafabriquevegetale.fr\/index.php?rest_route=\/wp\/v2\/pages\/85"}],"wp:attachment":[{"href":"https:\/\/lafabriquevegetale.fr\/index.php?rest_route=%2Fwp%2Fv2%2Fmedia&parent=188"}],"curies":[{"name":"wp","href":"https:\/\/api.w.org\/{rel}","templated":true}]}}