{"id":1542,"date":"2025-01-24T12:01:27","date_gmt":"2025-01-24T11:01:27","guid":{"rendered":"https:\/\/lafabriquevegetale.fr\/?page_id=1542"},"modified":"2025-01-24T15:51:56","modified_gmt":"2025-01-24T14:51:56","slug":"1542-2","status":"publish","type":"page","link":"https:\/\/lafabriquevegetale.fr\/?page_id=1542","title":{"rendered":"Recherche-Action- exp\u00e9rimenter et diffuser les observations sur le syst\u00e8me agroforestier"},"content":{"rendered":"\n<div class=\"wp-block-cover alignfull has-background-dim\"><img data-recalc-dims=\"1\" loading=\"lazy\" decoding=\"async\" width=\"720\" height=\"540\" class=\"wp-block-cover__image-background wp-image-1544\" alt=\"\" src=\"https:\/\/i0.wp.com\/lafabriquevegetale.fr\/wp-content\/uploads\/2025\/01\/2EA42252-99FA-44BB-AB04-0481AEDC2EEB_1_105_c.jpeg?resize=720%2C540&#038;ssl=1\" data-object-fit=\"cover\" srcset=\"https:\/\/i0.wp.com\/lafabriquevegetale.fr\/wp-content\/uploads\/2025\/01\/2EA42252-99FA-44BB-AB04-0481AEDC2EEB_1_105_c.jpeg?w=1024&amp;ssl=1 1024w, https:\/\/i0.wp.com\/lafabriquevegetale.fr\/wp-content\/uploads\/2025\/01\/2EA42252-99FA-44BB-AB04-0481AEDC2EEB_1_105_c.jpeg?resize=300%2C225&amp;ssl=1 300w, https:\/\/i0.wp.com\/lafabriquevegetale.fr\/wp-content\/uploads\/2025\/01\/2EA42252-99FA-44BB-AB04-0481AEDC2EEB_1_105_c.jpeg?resize=768%2C576&amp;ssl=1 768w, https:\/\/i0.wp.com\/lafabriquevegetale.fr\/wp-content\/uploads\/2025\/01\/2EA42252-99FA-44BB-AB04-0481AEDC2EEB_1_105_c.jpeg?resize=600%2C450&amp;ssl=1 600w\" sizes=\"auto, (max-width: 720px) 100vw, 720px\" \/><div class=\"wp-block-cover__inner-container is-layout-flow wp-block-cover-is-layout-flow\">\n<p><\/p>\n\n\n\n<p><\/p>\n\n\n\n<h1 class=\"has-text-align-center wp-block-heading\"><strong>IMPACT<\/strong><\/h1>\n\n\n\n<p><\/p>\n\n\n\n<p><\/p>\n\n\n\n<p><\/p>\n\n\n\n<p><\/p>\n\n\n\n<p><strong>I<\/strong>nteractions <strong>M<\/strong>icrobiennes pour l&rsquo;assimilation du <strong>P<\/strong>hosphore en <strong>A<\/strong>groforesterie de <strong>C<\/strong>limat<strong> T<\/strong>emp\u00e9r\u00e9<\/p>\n<\/div><\/div>\n\n\n\n<div class=\"wp-block-jetpack-tiled-gallery aligncenter is-style-rectangular\"><div class=\"tiled-gallery__gallery\"><div class=\"tiled-gallery__row\"><div class=\"tiled-gallery__col\" style=\"flex-basis:30.75012%\"><figure class=\"tiled-gallery__item\"><img decoding=\"async\" srcset=\"https:\/\/i2.wp.com\/lafabriquevegetale.fr\/wp-content\/uploads\/2025\/01\/logo-aesn-e1737716334886.png?strip=info&#038;w=115&#038;ssl=1 115w\" alt=\"\" data-height=\"59\" data-id=\"1549\" data-link=\"https:\/\/lafabriquevegetale.fr\/?attachment_id=1549\" data-url=\"https:\/\/lafabriquevegetale.fr\/wp-content\/uploads\/2025\/01\/logo-aesn-e1737716334886.png\" data-width=\"115\" src=\"https:\/\/i2.wp.com\/lafabriquevegetale.fr\/wp-content\/uploads\/2025\/01\/logo-aesn-e1737716334886.png?ssl=1\" data-amp-layout=\"responsive\"\/><\/figure><\/div><div class=\"tiled-gallery__col\" style=\"flex-basis:13.19384%\"><figure class=\"tiled-gallery__item\"><img decoding=\"async\" srcset=\"https:\/\/i0.wp.com\/lafabriquevegetale.fr\/wp-content\/uploads\/2025\/01\/logo-semmaris.png?strip=info&#038;w=118&#038;ssl=1 118w\" alt=\"\" data-height=\"142\" data-id=\"1550\" data-link=\"https:\/\/lafabriquevegetale.fr\/?attachment_id=1550\" data-url=\"https:\/\/lafabriquevegetale.fr\/wp-content\/uploads\/2025\/01\/logo-semmaris.png\" data-width=\"118\" src=\"https:\/\/i0.wp.com\/lafabriquevegetale.fr\/wp-content\/uploads\/2025\/01\/logo-semmaris.png?ssl=1\" data-amp-layout=\"responsive\"\/><\/figure><\/div><div class=\"tiled-gallery__col\" style=\"flex-basis:20.84401%\"><figure class=\"tiled-gallery__item\"><img decoding=\"async\" srcset=\"https:\/\/i0.wp.com\/lafabriquevegetale.fr\/wp-content\/uploads\/2025\/01\/Dessin-LOGO-rehausse-1024x777.jpg?strip=info&#038;w=600&#038;ssl=1 600w,https:\/\/i0.wp.com\/lafabriquevegetale.fr\/wp-content\/uploads\/2025\/01\/Dessin-LOGO-rehausse-1024x777.jpg?strip=info&#038;w=900&#038;ssl=1 900w,https:\/\/i0.wp.com\/lafabriquevegetale.fr\/wp-content\/uploads\/2025\/01\/Dessin-LOGO-rehausse-1024x777.jpg?strip=info&#038;w=1200&#038;ssl=1 1200w,https:\/\/i0.wp.com\/lafabriquevegetale.fr\/wp-content\/uploads\/2025\/01\/Dessin-LOGO-rehausse-1024x777.jpg?strip=info&#038;w=1500&#038;ssl=1 1500w,https:\/\/i0.wp.com\/lafabriquevegetale.fr\/wp-content\/uploads\/2025\/01\/Dessin-LOGO-rehausse-1024x777.jpg?strip=info&#038;w=1800&#038;ssl=1 1800w,https:\/\/i0.wp.com\/lafabriquevegetale.fr\/wp-content\/uploads\/2025\/01\/Dessin-LOGO-rehausse-1024x777.jpg?strip=info&#038;w=2000&#038;ssl=1 2000w\" alt=\"\" data-height=\"1942\" data-id=\"1548\" data-link=\"https:\/\/lafabriquevegetale.fr\/?attachment_id=1548\" data-url=\"https:\/\/lafabriquevegetale.fr\/wp-content\/uploads\/2025\/01\/Dessin-LOGO-rehausse-1024x777.jpg\" data-width=\"2560\" src=\"https:\/\/i0.wp.com\/lafabriquevegetale.fr\/wp-content\/uploads\/2025\/01\/Dessin-LOGO-rehausse-1024x777.jpg?ssl=1\" data-amp-layout=\"responsive\"\/><\/figure><\/div><div class=\"tiled-gallery__col\" style=\"flex-basis:35.21203%\"><figure class=\"tiled-gallery__item\"><img decoding=\"async\" srcset=\"https:\/\/i0.wp.com\/lafabriquevegetale.fr\/wp-content\/uploads\/2025\/01\/logo-agrofile.jpg?strip=info&#038;w=335&#038;ssl=1 335w\" alt=\"\" data-height=\"150\" data-id=\"1547\" data-link=\"https:\/\/lafabriquevegetale.fr\/?attachment_id=1547\" data-url=\"https:\/\/lafabriquevegetale.fr\/wp-content\/uploads\/2025\/01\/logo-agrofile.jpg\" data-width=\"335\" src=\"https:\/\/i0.wp.com\/lafabriquevegetale.fr\/wp-content\/uploads\/2025\/01\/logo-agrofile.jpg?ssl=1\" data-amp-layout=\"responsive\"\/><\/figure><\/div><\/div><\/div><\/div>\n\n\n\n<figure class=\"wp-block-gallery columns-2 is-cropped wp-block-gallery-1 is-layout-flex wp-block-gallery-is-layout-flex\"><ul class=\"blocks-gallery-grid\"><li class=\"blocks-gallery-item\"><figure><img data-recalc-dims=\"1\" loading=\"lazy\" decoding=\"async\" width=\"720\" height=\"960\" src=\"https:\/\/i0.wp.com\/lafabriquevegetale.fr\/wp-content\/uploads\/2025\/01\/Aulne-32-L15-1.jpg?resize=720%2C960&#038;ssl=1\" alt=\"\" data-id=\"1545\" data-full-url=\"https:\/\/lafabriquevegetale.fr\/wp-content\/uploads\/2025\/01\/Aulne-32-L15-1-scaled.jpg\" data-link=\"https:\/\/lafabriquevegetale.fr\/?attachment_id=1545\" class=\"wp-image-1545\" srcset=\"https:\/\/i0.wp.com\/lafabriquevegetale.fr\/wp-content\/uploads\/2025\/01\/Aulne-32-L15-1-scaled.jpg?resize=768%2C1024&amp;ssl=1 768w, https:\/\/i0.wp.com\/lafabriquevegetale.fr\/wp-content\/uploads\/2025\/01\/Aulne-32-L15-1-scaled.jpg?resize=225%2C300&amp;ssl=1 225w, https:\/\/i0.wp.com\/lafabriquevegetale.fr\/wp-content\/uploads\/2025\/01\/Aulne-32-L15-1-scaled.jpg?resize=1152%2C1536&amp;ssl=1 1152w, https:\/\/i0.wp.com\/lafabriquevegetale.fr\/wp-content\/uploads\/2025\/01\/Aulne-32-L15-1-scaled.jpg?resize=1536%2C2048&amp;ssl=1 1536w, https:\/\/i0.wp.com\/lafabriquevegetale.fr\/wp-content\/uploads\/2025\/01\/Aulne-32-L15-1-scaled.jpg?resize=600%2C800&amp;ssl=1 600w, https:\/\/i0.wp.com\/lafabriquevegetale.fr\/wp-content\/uploads\/2025\/01\/Aulne-32-L15-1-scaled.jpg?w=1920&amp;ssl=1 1920w, https:\/\/i0.wp.com\/lafabriquevegetale.fr\/wp-content\/uploads\/2025\/01\/Aulne-32-L15-1-scaled.jpg?w=1440&amp;ssl=1 1440w\" sizes=\"auto, (max-width: 720px) 100vw, 720px\" \/><\/figure><\/li><li class=\"blocks-gallery-item\"><figure><img data-recalc-dims=\"1\" loading=\"lazy\" decoding=\"async\" width=\"720\" height=\"960\" src=\"https:\/\/i0.wp.com\/lafabriquevegetale.fr\/wp-content\/uploads\/2025\/01\/Noyer-42-L15.jpg?resize=720%2C960&#038;ssl=1\" alt=\"\" data-id=\"1546\" data-full-url=\"https:\/\/lafabriquevegetale.fr\/wp-content\/uploads\/2025\/01\/Noyer-42-L15-scaled.jpg\" data-link=\"https:\/\/lafabriquevegetale.fr\/?attachment_id=1546\" class=\"wp-image-1546\" srcset=\"https:\/\/i0.wp.com\/lafabriquevegetale.fr\/wp-content\/uploads\/2025\/01\/Noyer-42-L15-scaled.jpg?resize=768%2C1024&amp;ssl=1 768w, https:\/\/i0.wp.com\/lafabriquevegetale.fr\/wp-content\/uploads\/2025\/01\/Noyer-42-L15-scaled.jpg?resize=225%2C300&amp;ssl=1 225w, https:\/\/i0.wp.com\/lafabriquevegetale.fr\/wp-content\/uploads\/2025\/01\/Noyer-42-L15-scaled.jpg?resize=1152%2C1536&amp;ssl=1 1152w, https:\/\/i0.wp.com\/lafabriquevegetale.fr\/wp-content\/uploads\/2025\/01\/Noyer-42-L15-scaled.jpg?resize=1536%2C2048&amp;ssl=1 1536w, https:\/\/i0.wp.com\/lafabriquevegetale.fr\/wp-content\/uploads\/2025\/01\/Noyer-42-L15-scaled.jpg?resize=600%2C800&amp;ssl=1 600w, https:\/\/i0.wp.com\/lafabriquevegetale.fr\/wp-content\/uploads\/2025\/01\/Noyer-42-L15-scaled.jpg?w=1920&amp;ssl=1 1920w, https:\/\/i0.wp.com\/lafabriquevegetale.fr\/wp-content\/uploads\/2025\/01\/Noyer-42-L15-scaled.jpg?w=1440&amp;ssl=1 1440w\" sizes=\"auto, (max-width: 720px) 100vw, 720px\" \/><\/figure><\/li><\/ul><\/figure>\n\n\n\n<div class=\"wp-block-jetpack-tiled-gallery aligncenter is-style-columns\"><div class=\"tiled-gallery__gallery\"><div class=\"tiled-gallery__row\"><div class=\"tiled-gallery__col\" style=\"flex-basis:43.71783%\"><figure class=\"tiled-gallery__item\"><img decoding=\"async\" srcset=\"https:\/\/i2.wp.com\/lafabriquevegetale.fr\/wp-content\/uploads\/2025\/01\/logo-novasol.jpg?strip=info&#038;w=357&#038;ssl=1 357w\" alt=\"\" data-height=\"83\" data-id=\"1557\" data-link=\"https:\/\/lafabriquevegetale.fr\/?attachment_id=1557\" data-url=\"https:\/\/lafabriquevegetale.fr\/wp-content\/uploads\/2025\/01\/logo-novasol.jpg\" data-width=\"357\" src=\"https:\/\/i2.wp.com\/lafabriquevegetale.fr\/wp-content\/uploads\/2025\/01\/logo-novasol.jpg?ssl=1\" data-amp-layout=\"responsive\"\/><\/figure><figure class=\"tiled-gallery__item\"><img decoding=\"async\" srcset=\"https:\/\/i0.wp.com\/lafabriquevegetale.fr\/wp-content\/uploads\/2025\/01\/logo-inrae.png?strip=info&#038;w=327&#038;ssl=1 327w\" alt=\"\" data-height=\"86\" data-id=\"1559\" data-link=\"https:\/\/lafabriquevegetale.fr\/?attachment_id=1559\" data-url=\"https:\/\/lafabriquevegetale.fr\/wp-content\/uploads\/2025\/01\/logo-inrae.png\" data-width=\"327\" src=\"https:\/\/i0.wp.com\/lafabriquevegetale.fr\/wp-content\/uploads\/2025\/01\/logo-inrae.png?ssl=1\" data-amp-layout=\"responsive\"\/><\/figure><\/div><div class=\"tiled-gallery__col\" style=\"flex-basis:31.72510%\"><figure class=\"tiled-gallery__item\"><img decoding=\"async\" srcset=\"https:\/\/i2.wp.com\/lafabriquevegetale.fr\/wp-content\/uploads\/2025\/01\/logo-agro-eco.png?strip=info&#038;w=315&#038;ssl=1 315w\" alt=\"\" data-height=\"220\" data-id=\"1560\" data-link=\"https:\/\/lafabriquevegetale.fr\/?attachment_id=1560\" data-url=\"https:\/\/lafabriquevegetale.fr\/wp-content\/uploads\/2025\/01\/logo-agro-eco.png\" data-width=\"315\" src=\"https:\/\/i2.wp.com\/lafabriquevegetale.fr\/wp-content\/uploads\/2025\/01\/logo-agro-eco.png?ssl=1\" data-amp-layout=\"responsive\"\/><\/figure><\/div><div class=\"tiled-gallery__col\" style=\"flex-basis:24.55707%\"><figure class=\"tiled-gallery__item\"><img decoding=\"async\" srcset=\"https:\/\/i2.wp.com\/lafabriquevegetale.fr\/wp-content\/uploads\/2025\/01\/logo-biochemenv.png?strip=info&#038;w=261&#038;ssl=1 261w\" alt=\"\" data-height=\"113\" data-id=\"1561\" data-link=\"https:\/\/lafabriquevegetale.fr\/?attachment_id=1561\" data-url=\"https:\/\/lafabriquevegetale.fr\/wp-content\/uploads\/2025\/01\/logo-biochemenv.png\" data-width=\"261\" src=\"https:\/\/i2.wp.com\/lafabriquevegetale.fr\/wp-content\/uploads\/2025\/01\/logo-biochemenv.png?ssl=1\" data-amp-layout=\"responsive\"\/><\/figure><figure class=\"tiled-gallery__item\"><img decoding=\"async\" srcset=\"https:\/\/i1.wp.com\/lafabriquevegetale.fr\/wp-content\/uploads\/2025\/01\/logo-junia.png?strip=info&#038;w=331&#038;ssl=1 331w\" alt=\"\" data-height=\"152\" data-id=\"1562\" data-link=\"https:\/\/lafabriquevegetale.fr\/?attachment_id=1562\" data-url=\"https:\/\/lafabriquevegetale.fr\/wp-content\/uploads\/2025\/01\/logo-junia.png\" data-width=\"331\" src=\"https:\/\/i1.wp.com\/lafabriquevegetale.fr\/wp-content\/uploads\/2025\/01\/logo-junia.png?ssl=1\" data-amp-layout=\"responsive\"\/><\/figure><\/div><\/div><\/div><\/div>\n\n\n\n<div class=\"wp-block-jetpack-tiled-gallery aligncenter is-style-rectangular\"><div class=\"tiled-gallery__gallery\"><div class=\"tiled-gallery__row\"><div class=\"tiled-gallery__col\" style=\"flex-basis:100.00000%\"><figure class=\"tiled-gallery__item\"><img decoding=\"async\" srcset=\"https:\/\/i1.wp.com\/lafabriquevegetale.fr\/wp-content\/uploads\/2025\/01\/IMPACT-3-724x1024.png?strip=info&#038;w=600&#038;ssl=1 600w,https:\/\/i1.wp.com\/lafabriquevegetale.fr\/wp-content\/uploads\/2025\/01\/IMPACT-3-724x1024.png?strip=info&#038;w=900&#038;ssl=1 900w,https:\/\/i1.wp.com\/lafabriquevegetale.fr\/wp-content\/uploads\/2025\/01\/IMPACT-3-724x1024.png?strip=info&#038;w=1200&#038;ssl=1 1200w,https:\/\/i1.wp.com\/lafabriquevegetale.fr\/wp-content\/uploads\/2025\/01\/IMPACT-3-724x1024.png?strip=info&#038;w=1414&#038;ssl=1 1414w\" alt=\"\" data-height=\"2000\" data-id=\"1567\" data-link=\"https:\/\/lafabriquevegetale.fr\/?attachment_id=1567\" data-url=\"https:\/\/lafabriquevegetale.fr\/wp-content\/uploads\/2025\/01\/IMPACT-3-724x1024.png\" data-width=\"1414\" src=\"https:\/\/i1.wp.com\/lafabriquevegetale.fr\/wp-content\/uploads\/2025\/01\/IMPACT-3-724x1024.png?ssl=1\" data-amp-layout=\"responsive\"\/><\/figure><\/div><\/div><\/div><\/div>\n\n\n\n<figure class=\"wp-block-image size-large\"><img data-recalc-dims=\"1\" loading=\"lazy\" decoding=\"async\" width=\"720\" height=\"1018\" src=\"https:\/\/i0.wp.com\/lafabriquevegetale.fr\/wp-content\/uploads\/2025\/01\/IMPACT-4.png?resize=720%2C1018&#038;ssl=1\" alt=\"\" class=\"wp-image-1568\" srcset=\"https:\/\/i0.wp.com\/lafabriquevegetale.fr\/wp-content\/uploads\/2025\/01\/IMPACT-4.png?resize=724%2C1024&amp;ssl=1 724w, https:\/\/i0.wp.com\/lafabriquevegetale.fr\/wp-content\/uploads\/2025\/01\/IMPACT-4.png?resize=212%2C300&amp;ssl=1 212w, https:\/\/i0.wp.com\/lafabriquevegetale.fr\/wp-content\/uploads\/2025\/01\/IMPACT-4.png?resize=768%2C1086&amp;ssl=1 768w, https:\/\/i0.wp.com\/lafabriquevegetale.fr\/wp-content\/uploads\/2025\/01\/IMPACT-4.png?resize=1086%2C1536&amp;ssl=1 1086w, https:\/\/i0.wp.com\/lafabriquevegetale.fr\/wp-content\/uploads\/2025\/01\/IMPACT-4.png?resize=600%2C849&amp;ssl=1 600w, https:\/\/i0.wp.com\/lafabriquevegetale.fr\/wp-content\/uploads\/2025\/01\/IMPACT-4.png?w=1414&amp;ssl=1 1414w\" sizes=\"auto, (max-width: 720px) 100vw, 720px\" \/><\/figure>\n\n\n\n<div class=\"wp-block-group alignwide\"><div class=\"wp-block-group__inner-container is-layout-flow wp-block-group-is-layout-flow\">\n<div class=\"wp-block-media-text alignwide is-stacked-on-mobile\"><figure class=\"wp-block-media-text__media\"><img data-recalc-dims=\"1\" loading=\"lazy\" decoding=\"async\" width=\"720\" height=\"577\" src=\"https:\/\/i0.wp.com\/lafabriquevegetale.fr\/wp-content\/uploads\/2025\/01\/Plan-noues-2024.png?resize=720%2C577&#038;ssl=1\" alt=\"\" class=\"wp-image-1584 size-full\" srcset=\"https:\/\/i0.wp.com\/lafabriquevegetale.fr\/wp-content\/uploads\/2025\/01\/Plan-noues-2024.png?resize=1024%2C821&amp;ssl=1 1024w, https:\/\/i0.wp.com\/lafabriquevegetale.fr\/wp-content\/uploads\/2025\/01\/Plan-noues-2024.png?resize=300%2C240&amp;ssl=1 300w, https:\/\/i0.wp.com\/lafabriquevegetale.fr\/wp-content\/uploads\/2025\/01\/Plan-noues-2024.png?resize=768%2C616&amp;ssl=1 768w, https:\/\/i0.wp.com\/lafabriquevegetale.fr\/wp-content\/uploads\/2025\/01\/Plan-noues-2024.png?resize=600%2C481&amp;ssl=1 600w, https:\/\/i0.wp.com\/lafabriquevegetale.fr\/wp-content\/uploads\/2025\/01\/Plan-noues-2024.png?w=1385&amp;ssl=1 1385w\" sizes=\"auto, (max-width: 720px) 100vw, 720px\" \/><\/figure><div class=\"wp-block-media-text__content\">\n<p class=\"has-large-font-size\"><strong>Projet Noues &amp; Agroforesterie<\/strong><\/p>\n\n\n\n<p>Exp\u00e9rimenter un syst\u00e8me de drainage en int\u00e9grant la pr\u00e9sences des arbres en intra parcellaire<\/p>\n<\/div><\/div>\n\n\n\n<div class=\"wp-block-group\"><div class=\"wp-block-group__inner-container is-layout-flow wp-block-group-is-layout-flow\">\n<figure class=\"wp-block-image size-full\"><img data-recalc-dims=\"1\" loading=\"lazy\" decoding=\"async\" width=\"226\" height=\"115\" src=\"https:\/\/i0.wp.com\/lafabriquevegetale.fr\/wp-content\/uploads\/2025\/01\/logo-aesn-3.png?resize=226%2C115&#038;ssl=1\" alt=\"\" class=\"wp-image-1580\"\/><\/figure>\n\n\n\n<figure class=\"wp-block-image size-full\"><img data-recalc-dims=\"1\" loading=\"lazy\" decoding=\"async\" width=\"450\" height=\"112\" src=\"https:\/\/i0.wp.com\/lafabriquevegetale.fr\/wp-content\/uploads\/2025\/01\/inrae-bis.jpg?resize=450%2C112&#038;ssl=1\" alt=\"\" class=\"wp-image-1586\" srcset=\"https:\/\/i0.wp.com\/lafabriquevegetale.fr\/wp-content\/uploads\/2025\/01\/inrae-bis.jpg?w=450&amp;ssl=1 450w, https:\/\/i0.wp.com\/lafabriquevegetale.fr\/wp-content\/uploads\/2025\/01\/inrae-bis.jpg?resize=300%2C75&amp;ssl=1 300w\" sizes=\"auto, (max-width: 450px) 100vw, 450px\" \/><\/figure>\n<\/div><\/div>\n\n\n\n<div class=\"wp-block-jetpack-tiled-gallery aligncenter is-style-rectangular\"><div class=\"tiled-gallery__gallery\"><div class=\"tiled-gallery__row\"><div class=\"tiled-gallery__col\" style=\"flex-basis:15.53891%\"><figure class=\"tiled-gallery__item\"><img decoding=\"async\" srcset=\"https:\/\/i2.wp.com\/lafabriquevegetale.fr\/wp-content\/uploads\/2025\/01\/Logo-TDL.png?strip=info&#038;w=200&#038;ssl=1 200w\" alt=\"\" data-height=\"200\" data-id=\"1581\" data-link=\"https:\/\/lafabriquevegetale.fr\/?attachment_id=1581\" data-url=\"https:\/\/lafabriquevegetale.fr\/wp-content\/uploads\/2025\/01\/Logo-TDL.png\" data-width=\"200\" src=\"https:\/\/i2.wp.com\/lafabriquevegetale.fr\/wp-content\/uploads\/2025\/01\/Logo-TDL.png?ssl=1\" data-amp-layout=\"responsive\"\/><\/figure><\/div><div class=\"tiled-gallery__col\" style=\"flex-basis:50.00330%\"><figure class=\"tiled-gallery__item\"><img decoding=\"async\" srcset=\"https:\/\/i2.wp.com\/lafabriquevegetale.fr\/wp-content\/uploads\/2025\/01\/logo_hycar_RVB_deroule_FR_0500x0154_hal_1-1.jpg?strip=info&#038;w=500&#038;ssl=1 500w\" alt=\"\" data-height=\"154\" data-id=\"1583\" data-link=\"https:\/\/lafabriquevegetale.fr\/?attachment_id=1583\" data-url=\"https:\/\/lafabriquevegetale.fr\/wp-content\/uploads\/2025\/01\/logo_hycar_RVB_deroule_FR_0500x0154_hal_1-1.jpg\" data-width=\"500\" src=\"https:\/\/i2.wp.com\/lafabriquevegetale.fr\/wp-content\/uploads\/2025\/01\/logo_hycar_RVB_deroule_FR_0500x0154_hal_1-1.jpg?ssl=1\" data-amp-layout=\"responsive\"\/><\/figure><\/div><div class=\"tiled-gallery__col\" style=\"flex-basis:34.45780%\"><figure class=\"tiled-gallery__item\"><img decoding=\"async\" srcset=\"https:\/\/i1.wp.com\/lafabriquevegetale.fr\/wp-content\/uploads\/2025\/01\/logo-agrofile-1.jpg?strip=info&#038;w=335&#038;ssl=1 335w\" alt=\"\" data-height=\"150\" data-id=\"1582\" data-link=\"https:\/\/lafabriquevegetale.fr\/?attachment_id=1582\" data-url=\"https:\/\/lafabriquevegetale.fr\/wp-content\/uploads\/2025\/01\/logo-agrofile-1.jpg\" data-width=\"335\" src=\"https:\/\/i1.wp.com\/lafabriquevegetale.fr\/wp-content\/uploads\/2025\/01\/logo-agrofile-1.jpg?ssl=1\" data-amp-layout=\"responsive\"\/><\/figure><\/div><\/div><\/div><\/div>\n<\/div><\/div>\n","protected":false},"excerpt":{"rendered":"<p>Projet Noues &amp; Agroforesterie Exp\u00e9rimenter un syst\u00e8me de drainage en int\u00e9grant la pr\u00e9sences des arbres en intra parcellaire<\/p>\n","protected":false},"author":2,"featured_media":0,"parent":0,"menu_order":0,"comment_status":"closed","ping_status":"closed","template":"","meta":{"footnotes":""},"class_list":["post-1542","page","type-page","status-publish","hentry"],"jetpack_sharing_enabled":true,"_links":{"self":[{"href":"https:\/\/lafabriquevegetale.fr\/index.php?rest_route=\/wp\/v2\/pages\/1542","targetHints":{"allow":["GET"]}}],"collection":[{"href":"https:\/\/lafabriquevegetale.fr\/index.php?rest_route=\/wp\/v2\/pages"}],"about":[{"href":"https:\/\/lafabriquevegetale.fr\/index.php?rest_route=\/wp\/v2\/types\/page"}],"author":[{"embeddable":true,"href":"https:\/\/lafabriquevegetale.fr\/index.php?rest_route=\/wp\/v2\/users\/2"}],"replies":[{"embeddable":true,"href":"https:\/\/lafabriquevegetale.fr\/index.php?rest_route=%2Fwp%2Fv2%2Fcomments&post=1542"}],"version-history":[{"count":6,"href":"https:\/\/lafabriquevegetale.fr\/index.php?rest_route=\/wp\/v2\/pages\/1542\/revisions"}],"predecessor-version":[{"id":1589,"href":"https:\/\/lafabriquevegetale.fr\/index.php?rest_route=\/wp\/v2\/pages\/1542\/revisions\/1589"}],"wp:attachment":[{"href":"https:\/\/lafabriquevegetale.fr\/index.php?rest_route=%2Fwp%2Fv2%2Fmedia&parent=1542"}],"curies":[{"name":"wp","href":"https:\/\/api.w.org\/{rel}","templated":true}]}}